{"id":756,"date":"2026-03-23T10:01:02","date_gmt":"2026-03-23T10:01:02","guid":{"rendered":"https:\/\/careandconnect.eu\/?page_id=756"},"modified":"2026-03-23T10:03:02","modified_gmt":"2026-03-23T10:03:02","slug":"meetings","status":"publish","type":"page","link":"https:\/\/careandconnect.eu\/de\/meetings\/","title":{"rendered":"Treffen"},"content":{"rendered":"<div data-elementor-type=\"wp-page\" data-elementor-id=\"756\" class=\"elementor elementor-756\">\n\t\t\t\t\t\t<section class=\"elementor-section elementor-top-section elementor-element elementor-element-7242084 elementor-section-boxed elementor-section-height-default elementor-section-height-default wpr-particle-no wpr-jarallax-no wpr-parallax-no wpr-sticky-section-no wpr-equal-height-no\" data-id=\"7242084\" data-element_type=\"section\" data-e-type=\"section\" data-settings=\"{&quot;background_background&quot;:&quot;classic&quot;}\">\n\t\t\t\t\t\t<div class=\"elementor-container elementor-column-gap-default\">\n\t\t\t\t\t<div class=\"elementor-column elementor-col-50 elementor-top-column elementor-element elementor-element-6700073\" data-id=\"6700073\" data-element_type=\"column\" data-e-type=\"column\">\n\t\t\t<div class=\"elementor-widget-wrap elementor-element-populated\">\n\t\t\t\t\t\t<div class=\"elementor-element elementor-element-ab49151 elementor-widget elementor-widget-image\" data-id=\"ab49151\" data-element_type=\"widget\" data-e-type=\"widget\" data-widget_type=\"image.default\">\n\t\t\t\t\t\t\t\t\t\t\t\t\t\t\t<img fetchpriority=\"high\" decoding=\"async\" width=\"1024\" height=\"1024\" src=\"https:\/\/careandconnect.eu\/wp-content\/uploads\/2026\/01\/CARECONNECT-Project-Logo-1-1024x1024.jpg\" class=\"attachment-large size-large wp-image-29\" alt=\"\" srcset=\"https:\/\/careandconnect.eu\/wp-content\/uploads\/2026\/01\/CARECONNECT-Project-Logo-1-1024x1024.jpg 1024w, https:\/\/careandconnect.eu\/wp-content\/uploads\/2026\/01\/CARECONNECT-Project-Logo-1-300x300.jpg 300w, https:\/\/careandconnect.eu\/wp-content\/uploads\/2026\/01\/CARECONNECT-Project-Logo-1-150x150.jpg 150w, https:\/\/careandconnect.eu\/wp-content\/uploads\/2026\/01\/CARECONNECT-Project-Logo-1-768x768.jpg 768w, https:\/\/careandconnect.eu\/wp-content\/uploads\/2026\/01\/CARECONNECT-Project-Logo-1-1536x1536.jpg 1536w, https:\/\/careandconnect.eu\/wp-content\/uploads\/2026\/01\/CARECONNECT-Project-Logo-1.jpg 2000w\" sizes=\"(max-width: 1024px) 100vw, 1024px\" \/>\t\t\t\t\t\t\t\t\t\t\t\t\t\t\t<\/div>\n\t\t\t\t\t<\/div>\n\t\t<\/div>\n\t\t\t\t<div class=\"elementor-column elementor-col-50 elementor-top-column elementor-element elementor-element-8c06052\" data-id=\"8c06052\" data-element_type=\"column\" data-e-type=\"column\">\n\t\t\t<div class=\"elementor-widget-wrap elementor-element-populated\">\n\t\t\t\t\t\t<div class=\"elementor-element elementor-element-c1a700d elementor-widget elementor-widget-spacer\" data-id=\"c1a700d\" data-element_type=\"widget\" data-e-type=\"widget\" data-widget_type=\"spacer.default\">\n\t\t\t\t\t\t\t<div class=\"elementor-spacer\">\n\t\t\t<div class=\"elementor-spacer-inner\"><\/div>\n\t\t<\/div>\n\t\t\t\t\t\t<\/div>\n\t\t\t\t<div class=\"elementor-element elementor-element-4399df8 wpr-main-menu-align-center wpr-main-menu-align--tabletleft wpr-main-menu-align--mobileleft wpr-pointer-underline wpr-pointer-line-fx wpr-pointer-fx-fade wpr-sub-icon-caret-down wpr-sub-menu-fx-fade wpr-nav-menu-bp-tablet wpr-mobile-menu-display-dropdown wpr-mobile-menu-full-width wpr-mobile-toggle-v1 wpr-sub-divider-yes wpr-mobile-divider-yes elementor-widget elementor-widget-wpr-mega-menu\" data-id=\"4399df8\" data-element_type=\"widget\" data-e-type=\"widget\" data-settings=\"{&quot;menu_layout&quot;:&quot;horizontal&quot;}\" data-widget_type=\"wpr-mega-menu.default\">\n\t\t\t\t\t<nav class=\"wpr-nav-menu-container wpr-mega-menu-container wpr-nav-menu-horizontal\" data-trigger=\"hover\"><ul id=\"menu-1-4399df8\" class=\"wpr-nav-menu wpr-mega-menu\"><li class=\"menu-item menu-item-type-post_type menu-item-object-page menu-item-home menu-item-12\"><a href=\"https:\/\/careandconnect.eu\/de\/\" class=\"wpr-menu-item wpr-pointer-item menu-link\"><span>Home<\/span><\/a><\/li>\n<li class=\"menu-item menu-item-type-custom menu-item-object-custom menu-item-14\"><a href=\"https:\/\/careandconnect.eu\/de\/about-the-project\/\" class=\"wpr-menu-item wpr-pointer-item menu-link\"><span>\u00dcber unser Projekt<\/span><\/a><\/li>\n<li class=\"menu-item menu-item-type-custom menu-item-object-custom menu-item-15\"><a href=\"https:\/\/careandconnect.eu\/de\/work-packages\/\" class=\"wpr-menu-item wpr-pointer-item menu-link\"><span>Arbeitspakete<\/span><\/a><\/li>\n<li class=\"menu-item menu-item-type-custom menu-item-object-custom menu-item-16\"><a href=\"https:\/\/careandconnect.eu\/de\/project-partners\/\" class=\"wpr-menu-item wpr-pointer-item menu-link\"><span>Projektpartner<\/span><\/a><\/li>\n<li class=\"menu-item menu-item-type-custom menu-item-object-custom menu-item-64\"><a href=\"https:\/\/careandconnect.eu\/de\/news\/\" class=\"wpr-menu-item wpr-pointer-item menu-link\"><span>Nachrichten<\/span><\/a><\/li>\n<li class=\"menu-item menu-item-type-custom menu-item-object-custom menu-item-17\"><a href=\"https:\/\/careandconnect.eu\/de\/contact\/\" class=\"wpr-menu-item wpr-pointer-item menu-link\"><span>Kontakt<\/span><\/a><\/li>\n<\/ul><\/nav><nav class=\"wpr-mobile-nav-menu-container\"><div class=\"wpr-mobile-toggle-wrap\"><div class=\"wpr-mobile-toggle\"><span class=\"wpr-mobile-toggle-line\"><\/span><span class=\"wpr-mobile-toggle-line\"><\/span><span class=\"wpr-mobile-toggle-line\"><\/span><\/div><\/div><div class=\"wpr-mobile-mega-menu-wrap\" toggle-backface=\"\"><ul id=\"mobile-menu-2-4399df8\" class=\"wpr-mobile-nav-menu wpr-mobile-mega-menu\"><li class=\"menu-item menu-item-type-post_type menu-item-object-page menu-item-home menu-item-12\"><a href=\"https:\/\/careandconnect.eu\/de\/\" class=\"wpr-mobile-menu-item menu-link\">Home<\/a><\/li>\n<li class=\"menu-item menu-item-type-custom menu-item-object-custom menu-item-14\"><a href=\"https:\/\/careandconnect.eu\/de\/about-the-project\/\" class=\"wpr-mobile-menu-item menu-link\">\u00dcber unser Projekt<\/a><\/li>\n<li class=\"menu-item menu-item-type-custom menu-item-object-custom menu-item-15\"><a href=\"https:\/\/careandconnect.eu\/de\/work-packages\/\" class=\"wpr-mobile-menu-item menu-link\">Arbeitspakete<\/a><\/li>\n<li class=\"menu-item menu-item-type-custom menu-item-object-custom menu-item-16\"><a href=\"https:\/\/careandconnect.eu\/de\/project-partners\/\" class=\"wpr-mobile-menu-item menu-link\">Projektpartner<\/a><\/li>\n<li class=\"menu-item menu-item-type-custom menu-item-object-custom menu-item-64\"><a href=\"https:\/\/careandconnect.eu\/de\/news\/\" class=\"wpr-mobile-menu-item menu-link\">Nachrichten<\/a><\/li>\n<li class=\"menu-item menu-item-type-custom menu-item-object-custom menu-item-17\"><a href=\"https:\/\/careandconnect.eu\/de\/contact\/\" class=\"wpr-mobile-menu-item menu-link\">Kontakt<\/a><\/li>\n<\/ul><\/div><\/nav>\t\t\t\t<\/div>\n\t\t\t\t\t<\/div>\n\t\t<\/div>\n\t\t\t\t\t<\/div>\n\t\t<\/section>\n\t\t\t\t<section class=\"elementor-section elementor-top-section elementor-element elementor-element-243b4cc elementor-section-boxed elementor-section-height-default elementor-section-height-default wpr-parallax-no wpr-sticky-section-no wpr-equal-height-no\" data-id=\"243b4cc\" data-element_type=\"section\" data-e-type=\"section\" data-settings=\"{&quot;background_background&quot;:&quot;classic&quot;}\">\n\t\t\t\t\t\t<div class=\"elementor-container elementor-column-gap-default\">\n\t\t\t\t\t<div class=\"elementor-column elementor-col-50 elementor-top-column elementor-element elementor-element-c21ae66\" data-id=\"c21ae66\" data-element_type=\"column\" data-e-type=\"column\" data-settings=\"{&quot;background_background&quot;:&quot;classic&quot;}\">\n\t\t\t<div class=\"elementor-widget-wrap elementor-element-populated\">\n\t\t\t\t\t\t<div class=\"elementor-element elementor-element-cb133f8 elementor-widget elementor-widget-spacer\" data-id=\"cb133f8\" data-element_type=\"widget\" data-e-type=\"widget\" data-widget_type=\"spacer.default\">\n\t\t\t\t\t\t\t<div class=\"elementor-spacer\">\n\t\t\t<div class=\"elementor-spacer-inner\"><\/div>\n\t\t<\/div>\n\t\t\t\t\t\t<\/div>\n\t\t\t\t<div class=\"elementor-element elementor-element-098023d elementor-widget elementor-widget-heading\" data-id=\"098023d\" data-element_type=\"widget\" data-e-type=\"widget\" data-widget_type=\"heading.default\">\n\t\t\t\t\t<h2 class=\"elementor-heading-title elementor-size-default\">Treffen<\/h2>\t\t\t\t<\/div>\n\t\t\t\t<div class=\"elementor-element elementor-element-8a5257d elementor-widget elementor-widget-heading\" data-id=\"8a5257d\" data-element_type=\"widget\" data-e-type=\"widget\" data-widget_type=\"heading.default\">\n\t\t\t\t\t<h2 class=\"elementor-heading-title elementor-size-default\">Erstes Transnationales Partnertreffen - Warschau<\/h2>\t\t\t\t<\/div>\n\t\t\t\t<div class=\"elementor-element elementor-element-f11789e elementor-widget elementor-widget-heading\" data-id=\"f11789e\" data-element_type=\"widget\" data-e-type=\"widget\" data-widget_type=\"heading.default\">\n\t\t\t\t\t<h2 class=\"elementor-heading-title elementor-size-default\">10. Februar 2026<\/h2>\t\t\t\t<\/div>\n\t\t\t\t\t<\/div>\n\t\t<\/div>\n\t\t\t\t<div class=\"elementor-column elementor-col-50 elementor-top-column elementor-element elementor-element-0f5047b\" data-id=\"0f5047b\" data-element_type=\"column\" data-e-type=\"column\" data-settings=\"{&quot;background_background&quot;:&quot;classic&quot;}\">\n\t\t\t<div class=\"elementor-widget-wrap elementor-element-populated\">\n\t\t\t\t\t\t<section class=\"elementor-section elementor-inner-section elementor-element elementor-element-704a6f0 elementor-section-boxed elementor-section-height-default elementor-section-height-default wpr-particle-no wpr-jarallax-no wpr-parallax-no wpr-sticky-section-no wpr-equal-height-no\" data-id=\"704a6f0\" data-element_type=\"section\" data-e-type=\"section\" data-settings=\"{&quot;background_background&quot;:&quot;classic&quot;}\">\n\t\t\t\t\t\t<div class=\"elementor-container elementor-column-gap-default\">\n\t\t\t\t\t<div class=\"elementor-column elementor-col-100 elementor-inner-column elementor-element elementor-element-bc5cc94\" data-id=\"bc5cc94\" data-element_type=\"column\" data-e-type=\"column\" data-settings=\"{&quot;background_background&quot;:&quot;classic&quot;}\">\n\t\t\t<div class=\"elementor-widget-wrap elementor-element-populated\">\n\t\t\t\t\t\t<div class=\"elementor-element elementor-element-f9862f7 elementor-widget elementor-widget-text-editor\" data-id=\"f9862f7\" data-element_type=\"widget\" data-e-type=\"widget\" data-widget_type=\"text-editor.default\">\n\t\t\t\t\t\t\t\t\t<p><span data-sheets-root=\"1\">Am 10. Februar 2026 trafen sich die CARE+CONNECT-Partner in Warschau, Polen, zum ersten transnationalen Projekttreffen (TPM). Dieses Treffen markierte einen wichtigen Schritt von der Planung zur Umsetzung. Die Partner erarbeiteten gemeinsam die n\u00e4chsten Projektphasen und begannen mit der Entwicklung der beiden Kernkomponenten: dem digitalen Mentalgesundheitsprogramm CARE und dem Peer-Support-Framework CONNECT.<br \/><br \/>Im Mittelpunkt der Diskussionen standen die Struktur und der Zeitplan f\u00fcr die Entwicklung des Online-Kurses CARE (iCBT), um sicherzustellen, dass dieser zug\u00e4nglich, evidenzbasiert und auf die Bed\u00fcrfnisse von Studierenden zugeschnitten ist.<br \/><br \/>Die Partner begannen au\u00dferdem, das CONNECT-Programm zu skizzieren, das Peer-Support-Netzwerke an Universit\u00e4ten etablieren und Gespr\u00e4chscaf\u00e9s als gesch\u00fctzte R\u00e4ume f\u00fcr einen offenen Dialog \u00fcber psychische Gesundheit einf\u00fchren wird.<br \/><br \/>Das Treffen erm\u00f6glichte es den Partnern zudem, Kommunikations- und Verbreitungspl\u00e4ne sowie die anstehenden Meilensteine f\u00fcr 2026 abzustimmen.<br \/><br \/>Die Arbeit an den ersten CARE-Modulen und den CONNECT-Schulungsmaterialien beginnt nun. Pilotprojekte und die Einbindung von Stakeholdern sind f\u00fcr sp\u00e4ter im Jahr geplant.<\/span><\/p>\t\t\t\t\t\t\t\t<\/div>\n\t\t\t\t\t<\/div>\n\t\t<\/div>\n\t\t\t\t\t<\/div>\n\t\t<\/section>\n\t\t\t\t\t<\/div>\n\t\t<\/div>\n\t\t\t\t\t<\/div>\n\t\t<\/section>\n\t\t\t\t<section class=\"elementor-section elementor-top-section elementor-element elementor-element-d8865b5 elementor-section-boxed elementor-section-height-default elementor-section-height-default wpr-particle-no wpr-jarallax-no wpr-parallax-no wpr-sticky-section-no wpr-equal-height-no\" data-id=\"d8865b5\" data-element_type=\"section\" data-e-type=\"section\" data-settings=\"{&quot;background_background&quot;:&quot;classic&quot;}\">\n\t\t\t\t\t\t<div class=\"elementor-container elementor-column-gap-default\">\n\t\t\t\t\t<div class=\"elementor-column elementor-col-100 elementor-top-column elementor-element elementor-element-b9c4c32\" data-id=\"b9c4c32\" data-element_type=\"column\" data-e-type=\"column\">\n\t\t\t<div class=\"elementor-widget-wrap elementor-element-populated\">\n\t\t\t\t\t\t<div class=\"elementor-element elementor-element-758f00c elementor-widget elementor-widget-spacer\" data-id=\"758f00c\" data-element_type=\"widget\" data-e-type=\"widget\" data-widget_type=\"spacer.default\">\n\t\t\t\t\t\t\t<div class=\"elementor-spacer\">\n\t\t\t<div class=\"elementor-spacer-inner\"><\/div>\n\t\t<\/div>\n\t\t\t\t\t\t<\/div>\n\t\t\t\t\t<\/div>\n\t\t<\/div>\n\t\t\t\t\t<\/div>\n\t\t<\/section>\n\t\t\t\t<section class=\"elementor-section elementor-top-section elementor-element elementor-element-7525e8d elementor-section-boxed elementor-section-height-default elementor-section-height-default wpr-particle-no wpr-jarallax-no wpr-parallax-no wpr-sticky-section-no wpr-equal-height-no\" data-id=\"7525e8d\" data-element_type=\"section\" data-e-type=\"section\" data-settings=\"{&quot;background_background&quot;:&quot;classic&quot;}\">\n\t\t\t\t\t\t<div class=\"elementor-container elementor-column-gap-default\">\n\t\t\t\t\t<div class=\"elementor-column elementor-col-50 elementor-top-column elementor-element elementor-element-8d14115\" data-id=\"8d14115\" data-element_type=\"column\" data-e-type=\"column\">\n\t\t\t<div class=\"elementor-widget-wrap elementor-element-populated\">\n\t\t\t\t\t\t<div class=\"elementor-element elementor-element-0a5f9e3 elementor-widget elementor-widget-image\" data-id=\"0a5f9e3\" data-element_type=\"widget\" data-e-type=\"widget\" data-widget_type=\"image.default\">\n\t\t\t\t\t\t\t\t\t\t\t\t\t\t\t<img decoding=\"async\" width=\"1024\" height=\"215\" src=\"https:\/\/careandconnect.eu\/wp-content\/uploads\/2026\/01\/EN-Co-funded-by-the-EU_PANTONE-1024x215.jpg\" class=\"attachment-large size-large wp-image-226\" alt=\"\" srcset=\"https:\/\/careandconnect.eu\/wp-content\/uploads\/2026\/01\/EN-Co-funded-by-the-EU_PANTONE-1024x215.jpg 1024w, https:\/\/careandconnect.eu\/wp-content\/uploads\/2026\/01\/EN-Co-funded-by-the-EU_PANTONE-300x63.jpg 300w, https:\/\/careandconnect.eu\/wp-content\/uploads\/2026\/01\/EN-Co-funded-by-the-EU_PANTONE-768x161.jpg 768w, https:\/\/careandconnect.eu\/wp-content\/uploads\/2026\/01\/EN-Co-funded-by-the-EU_PANTONE-1536x322.jpg 1536w, https:\/\/careandconnect.eu\/wp-content\/uploads\/2026\/01\/EN-Co-funded-by-the-EU_PANTONE-2048x430.jpg 2048w\" sizes=\"(max-width: 1024px) 100vw, 1024px\" \/>\t\t\t\t\t\t\t\t\t\t\t\t\t\t\t<\/div>\n\t\t\t\t<div class=\"elementor-element elementor-element-0b42e5a elementor-widget__width-initial elementor-widget elementor-widget-image\" data-id=\"0b42e5a\" data-element_type=\"widget\" data-e-type=\"widget\" data-widget_type=\"image.default\">\n\t\t\t\t\t\t\t\t\t\t\t\t\t\t\t<img decoding=\"async\" width=\"300\" height=\"105\" src=\"https:\/\/careandconnect.eu\/wp-content\/uploads\/2026\/01\/Cc-by-nc-sa-1.png\" class=\"attachment-large size-large wp-image-535\" alt=\"\" \/>\t\t\t\t\t\t\t\t\t\t\t\t\t\t\t<\/div>\n\t\t\t\t\t<\/div>\n\t\t<\/div>\n\t\t\t\t<div class=\"elementor-column elementor-col-50 elementor-top-column elementor-element elementor-element-97993e5\" data-id=\"97993e5\" data-element_type=\"column\" data-e-type=\"column\">\n\t\t\t<div class=\"elementor-widget-wrap elementor-element-populated\">\n\t\t\t\t\t\t<div class=\"elementor-element elementor-element-67bc3f0 elementor-widget elementor-widget-text-editor\" data-id=\"67bc3f0\" data-element_type=\"widget\" data-e-type=\"widget\" data-widget_type=\"text-editor.default\">\n\t\t\t\t\t\t\t\t\t<p><span style=\"font-weight: 400;\">Von der Europ\u00e4ischen Union finanziert. Die ge\u00e4u\u00dferten Ansichten und Meinungen entsprechen jedoch ausschlie\u00dflich denen des Autors bzw. der Autoren und spiegeln nicht zwingend die der Europ\u00e4ischen Union oder der Europ\u00e4ischen Exekutivagentur f\u00fcr Bildung und Kultur (EACEA) wider. Weder die Europ\u00e4ische Union noch die EACEA k\u00f6nnen daf\u00fcr verantwortlich gemacht werden.<\/span><\/p>\t\t\t\t\t\t\t\t<\/div>\n\t\t\t\t\t<\/div>\n\t\t<\/div>\n\t\t\t\t\t<\/div>\n\t\t<\/section>\n\t\t\t\t<\/div>","protected":false},"excerpt":{"rendered":"<p>Home About the Project Work Packages Partners News Contact Home About the Project Work Packages Partners News Contact Meetings First Transnational Project Meeting \u2013 Warsaw, Poland 10 February 2026 On 10 February 2026, the CARE+CONNECT partners met in Warsaw, Poland, for the project\u2019s first Transnational Project Meeting (TPM). This meeting marked an important step in moving from planning to action. During the session, partners worked together to agree on the next stages of the project and to begin shaping the development of the two core components: the CARE digital mental health programme and the CONNECT peer support framework. Discussions focused on defining the structure and timeline for developing the CARE online iCBT course, ensuring that it is accessible, evidence-based, and tailored to the needs of higher education students. Partners also began outlining the CONNECT programme, which will establish peer support networks within universities and introduce Conversation Caf\u00e9s as safe spaces for open dialogue about mental health. The meeting also allowed partners to align communication and dissemination plans, as well as upcoming milestones for 2026. Work on the first CARE modules and CONNECT training materials will now begin, with pilot activities and stakeholder engagement planned for later in the year. Co-funded by the European Union. Views and opinions expressed are however those of the author(s) only and do not necessarily reflect those of the European Union or the Foundation for the Development of the Education System (FRSE). Neither the European Union nor FRSE can be held responsible for them.<\/p>","protected":false},"author":1,"featured_media":0,"parent":0,"menu_order":0,"comment_status":"closed","ping_status":"closed","template":"","meta":{"_eb_attr":"","_monsterinsights_skip_tracking":false,"_monsterinsights_sitenote_active":false,"_monsterinsights_sitenote_note":"","_monsterinsights_sitenote_category":0,"_uf_show_specific_survey":0,"_uf_disable_surveys":false,"site-sidebar-layout":"no-sidebar","site-content-layout":"plain-container","ast-site-content-layout":"full-width-container","site-content-style":"default","site-sidebar-style":"default","ast-global-header-display":"","ast-banner-title-visibility":"","ast-main-header-display":"","ast-hfb-above-header-display":"","ast-hfb-below-header-display":"","ast-hfb-mobile-header-display":"","site-post-title":"disabled","ast-breadcrumbs-content":"","ast-featured-img":"disabled","footer-sml-layout":"","ast-disable-related-posts":"","theme-transparent-header-meta":"enabled","adv-header-id-meta":"","stick-header-meta":"","header-above-stick-meta":"","header-main-stick-meta":"","header-below-stick-meta":"","astra-migrate-meta-layouts":"default","ast-page-background-enabled":"default","ast-page-background-meta":{"desktop":{"background-color":"var(--ast-global-color-5)","background-image":"","background-repeat":"repeat","background-position":"center center","background-size":"auto","background-attachment":"scroll","background-type":"","background-media":"","overlay-type":"","overlay-color":"","overlay-opacity":"","overlay-gradient":""},"tablet":{"background-color":"","background-image":"","background-repeat":"repeat","background-position":"center center","background-size":"auto","background-attachment":"scroll","background-type":"","background-media":"","overlay-type":"","overlay-color":"","overlay-opacity":"","overlay-gradient":""},"mobile":{"background-color":"","background-image":"","background-repeat":"repeat","background-position":"center center","background-size":"auto","background-attachment":"scroll","background-type":"","background-media":"","overlay-type":"","overlay-color":"","overlay-opacity":"","overlay-gradient":""}},"ast-content-background-meta":{"desktop":{"background-color":"var(--ast-global-color-4)","background-image":"","background-repeat":"repeat","background-position":"center center","background-size":"auto","background-attachment":"scroll","background-type":"","background-media":"","overlay-type":"","overlay-color":"","overlay-opacity":"","overlay-gradient":""},"tablet":{"background-color":"var(--ast-global-color-4)","background-image":"","background-repeat":"repeat","background-position":"center center","background-size":"auto","background-attachment":"scroll","background-type":"","background-media":"","overlay-type":"","overlay-color":"","overlay-opacity":"","overlay-gradient":""},"mobile":{"background-color":"var(--ast-global-color-4)","background-image":"","background-repeat":"repeat","background-position":"center center","background-size":"auto","background-attachment":"scroll","background-type":"","background-media":"","overlay-type":"","overlay-color":"","overlay-opacity":"","overlay-gradient":""}},"footnotes":""},"class_list":["post-756","page","type-page","status-publish","hentry"],"aioseo_notices":[],"_hostinger_reach_plugin_has_subscription_block":false,"_hostinger_reach_plugin_is_elementor":false,"_links":{"self":[{"href":"https:\/\/careandconnect.eu\/de\/wp-json\/wp\/v2\/pages\/756","targetHints":{"allow":["GET"]}}],"collection":[{"href":"https:\/\/careandconnect.eu\/de\/wp-json\/wp\/v2\/pages"}],"about":[{"href":"https:\/\/careandconnect.eu\/de\/wp-json\/wp\/v2\/types\/page"}],"author":[{"embeddable":true,"href":"https:\/\/careandconnect.eu\/de\/wp-json\/wp\/v2\/users\/1"}],"replies":[{"embeddable":true,"href":"https:\/\/careandconnect.eu\/de\/wp-json\/wp\/v2\/comments?post=756"}],"version-history":[{"count":7,"href":"https:\/\/careandconnect.eu\/de\/wp-json\/wp\/v2\/pages\/756\/revisions"}],"predecessor-version":[{"id":763,"href":"https:\/\/careandconnect.eu\/de\/wp-json\/wp\/v2\/pages\/756\/revisions\/763"}],"wp:attachment":[{"href":"https:\/\/careandconnect.eu\/de\/wp-json\/wp\/v2\/media?parent=756"}],"curies":[{"name":"wp","href":"https:\/\/api.w.org\/{rel}","templated":true}]}}